{"id":8849,"date":"2019-04-29T14:08:44","date_gmt":"2019-04-29T14:08:44","guid":{"rendered":"http:\/\/site.ruralmaxseguros.com.br\/?post_type=product&#038;p=8849"},"modified":"2022-05-31T12:08:57","modified_gmt":"2022-05-31T12:08:57","slug":"tomate","status":"publish","type":"product","link":"https:\/\/www.ruralmaxseguros.com.br\/index.php\/product\/tomate\/","title":{"rendered":"Tomate"},"content":{"rendered":"<h2>Descri\u00e7\u00e3o do Produto<\/h2>\n<p><strong>Seguro Granizo Tomate de Mesa \/ Tomate Industria<\/strong><\/p>\n<ul>\n<li>Cobertura visa indenizar a perda de produ\u00e7\u00e3o decorrente de danos aos frutos, \u00e0 \u00e1rea foliar das plantas e redu\u00e7\u00e3o da popula\u00e7\u00e3o, danos estes causados diretamente por granizo.<\/li>\n<\/ul>\n<p><strong>SEGURO SEM BUROCRACIA<\/strong>.<\/p>\n<ul>\n<li>Sua contrata\u00e7\u00e3o \u00e9 simples,\u00a0sem a necessidade de elabora\u00e7\u00e3o de projetos, c\u00f3pias de matr\u00edculas, contratos de arrendamentos, carta de anu\u00eancia.<\/li>\n<li>Pode ser feito tanto por quem financia ou por quem planta com recursos pr\u00f3prios, e est\u00e1 dispon\u00edvel em praticamente todo territ\u00f3rio nacional, respeitando as\u00a0normas\u00a0do zoneamento agr\u00edcola de cada regi\u00e3o.<\/li>\n<\/ul>\n<p><strong>\u00a0COBERTURA B\u00c1SICA \/ PRINCIPAL (OBRIGATORIA):<\/strong><\/p>\n<ul>\n<li>Granizo<\/li>\n<\/ul>\n<p><strong>DEMAIS COBERTURAS DISPON\u00cdVEIS PARA CONTRATA\u00c7\u00c3O<\/strong><\/p>\n<ul>\n<li>A crit\u00e9rio da seguradora (se informar no momento da contrata\u00e7\u00e3o)<\/li>\n<\/ul>\n<p><strong>FRANQUIA:<\/strong><\/p>\n<ul>\n<li>Definida pelo segurado respeitando a disponibilidade da seguradora (10%, 20%, 30% \u2026)<\/li>\n<\/ul>\n<p><strong>CAR\u00caNCIA:<\/strong><\/p>\n<ul>\n<li>\u00a07 dias ap\u00f3s o transplante.<\/li>\n<\/ul>\n<ul>\n<li>Pode variar conforme a seguradora escolhida (Se informar no momento da contrata\u00e7\u00e3o)<\/li>\n<\/ul>\n<p><strong>TOMATE MESA 2<\/strong><\/p>\n<ul>\n<li>Import\u00e2ncia segurada R$\/h\u00e1 maior (pode variar conforme a seguradora escolhida (se informar no momento da contrata\u00e7\u00e3o)<\/li>\n<\/ul>\n<ul>\n<li>Possui escalonamento<\/li>\n<\/ul>\n<p><strong>TOMATE MESA 1<\/strong><\/p>\n<ul>\n<li>Import\u00e2ncia segurada R$\/h\u00e1 menor (pode variar conforme a seguradora escolhida (se informar no momento da contrata\u00e7\u00e3o)<\/li>\n<\/ul>\n<ul>\n<li>N\u00e3o possui escalonamento<\/li>\n<\/ul>\n<p><strong>ESCALONAMENTO:<\/strong><\/p>\n<ul>\n<li><strong>Pode variar dependendo da seguradora escolhida (Se informar no momento da contrata\u00e7\u00e3o)<\/strong><\/li>\n<\/ul>\n<ul>\n<li>At\u00e9 7 dias ap\u00f3s o transplante \u2013 Car\u00eancia (sem cobertura)<\/li>\n<\/ul>\n<ul>\n<li>8-30 dias ap\u00f3s transplante: 60% da IS<\/li>\n<\/ul>\n<p>Ex: 1ha \u2013 IS = R$ 65.000,00 \u2013 R$39.000,00 por hectare<\/p>\n<ul>\n<li>31-60 dias ap\u00f3s transplante: 80% da IS<\/li>\n<\/ul>\n<p>Ex: 1ha \u2013 IS = R$ 65.000,00 \u2013 R$ 52.000,00 por hectare<\/p>\n<ul>\n<li>Ap\u00f3s 60 dias: 100 % da IS<\/li>\n<\/ul>\n<p>Ex: 1ha \u2013 IS = R$ 65.000,00 \u2013 R$ 65.000,00 por hectare<\/p>\n<p><strong>RISCOS EXCLU\u00cdDOS DAS INDENIZA\u00c7\u00d5ES:<\/strong><\/p>\n<ul>\n<li>Lavouras sinistradas no momento da contrata\u00e7\u00e3o ou em per\u00edodo de car\u00eancia.<\/li>\n<li>N\u00e3o \u00e9 permitido a contrata\u00e7\u00e3o de dois seguros na mesma \u00e1rea, sob pena de rateio.<\/li>\n<li>Condu\u00e7\u00e3o da lavoura fora das condi\u00e7\u00f5es agron\u00f4micas ideais<\/li>\n<li>Toda \u00e1rea do produtor na mesma propriedade dever\u00e1 ser contratada, sob pena de rateio.<\/li>\n<li>Quest\u00f5es relacionadas a pragas e doen\u00e7as.<\/li>\n<\/ul>\n<p><strong>CL\u00c1USULA BENEFICI\u00c1RIA:<\/strong><\/p>\n<ul>\n<li>No caso de revendas e cooperativas ou institui\u00e7\u00f5es bancarias que financiam o fornecimento de insumos aos produtores rurais, h\u00e1 a possibilidade de incluir cl\u00e1usula benefici\u00e1ria em seu favor na ap\u00f3lice.<\/li>\n<\/ul>\n<p><strong>SUBVEN\u00c7\u00c3O FEDERAL: (sujeito a disponibilidade de recurso do programa)<\/strong><\/p>\n<ul>\n<li>O governo federal paga parte do seguro para incentivar o agricultor a se proteger.<\/li>\n<li>Limite por CPF por ano\u00a0(se informar no momento da contrata\u00e7\u00e3o).<\/li>\n<li>O produtor n\u00e3o pode ter restri\u00e7\u00f5es no CADIN Federal.<\/li>\n<\/ul>\n<p><strong>\u00a0SUBVEN\u00c7\u00c3O ESTADUAL: (sujeito a disponibilidade de recurso do programa)<\/strong><\/p>\n<ul>\n<li>Os Estados (SP, PR) pagam parte do seguro para incentivar o agricultor a se proteger.<\/li>\n<li>Limite por CPF por ano\u00a0(se informar no momento da contrata\u00e7\u00e3o).<\/li>\n<li>O segurado n\u00e3o pode ter restri\u00e7\u00e3o no CADIN dos estados.<\/li>\n<\/ul>\n<p><strong>AN\u00c1LISE DO SINISTRO<\/strong><\/p>\n<p><strong>Exemplo de c\u00e1lculo de indeniza\u00e7\u00e3o:<\/strong><\/p>\n<ul>\n<li>Import\u00e2ncia segurada R$ 65.000,00\/ha<\/li>\n<li>Porcentagem de perda por granizo ap\u00f3s a realiza\u00e7\u00e3o da per\u00edcia 40%<\/li>\n<li>Franquia contratada 15%<\/li>\n<li>Produto contratado: Tomate mesa 2<\/li>\n<li>Per\u00edodo do granizo 62 dias ap\u00f3s o transplante (escalonamento de 100% da IS)<\/li>\n<\/ul>\n<p>No exemplo acima est\u00e1 garantido R$ 65.000,00 por h\u00e1, houve uma perda de 40%, descontando 15% de franquia a indeniza\u00e7\u00e3o seria de 25%, portanto o produtor teria uma indeniza\u00e7\u00e3o de R$ 16.250,00 por h\u00e1.<\/p>\n<p>&nbsp;<\/p>\n","protected":false},"excerpt":{"rendered":"[maxbutton id=\"1\" url=\"http:\/\/site.ruralmaxseguros.com.br\/index.php\/orcamento\/\" ]\n","protected":false},"featured_media":8748,"comment_status":"open","ping_status":"closed","template":"","meta":[],"_links":{"self":[{"href":"https:\/\/www.ruralmaxseguros.com.br\/index.php\/wp-json\/wp\/v2\/product\/8849"}],"collection":[{"href":"https:\/\/www.ruralmaxseguros.com.br\/index.php\/wp-json\/wp\/v2\/product"}],"about":[{"href":"https:\/\/www.ruralmaxseguros.com.br\/index.php\/wp-json\/wp\/v2\/types\/product"}],"replies":[{"embeddable":true,"href":"https:\/\/www.ruralmaxseguros.com.br\/index.php\/wp-json\/wp\/v2\/comments?post=8849"}],"wp:featuredmedia":[{"embeddable":true,"href":"https:\/\/www.ruralmaxseguros.com.br\/index.php\/wp-json\/wp\/v2\/media\/8748"}],"wp:attachment":[{"href":"https:\/\/www.ruralmaxseguros.com.br\/index.php\/wp-json\/wp\/v2\/media?parent=8849"}],"curies":[{"name":"wp","href":"https:\/\/api.w.org\/{rel}","templated":true}]}}