{"id":8840,"date":"2019-04-29T13:34:34","date_gmt":"2019-04-29T13:34:34","guid":{"rendered":"http:\/\/site.ruralmaxseguros.com.br\/?post_type=product&#038;p=8840"},"modified":"2022-05-31T12:17:31","modified_gmt":"2022-05-31T12:17:31","slug":"caqui","status":"publish","type":"product","link":"https:\/\/www.ruralmaxseguros.com.br\/index.php\/product\/caqui\/","title":{"rendered":"Caqui"},"content":{"rendered":"<p><strong>Descri\u00e7\u00e3o do Produto<\/strong><\/p>\n<p><strong>Seguro Granizo Caqui<\/strong><\/p>\n<ul>\n<li>Cobertura visa indenizar a redu\u00e7\u00e3o de qualidade e produ\u00e7\u00e3o segurada por danos aos frutos, perda esta causada diretamente pelo granizo.<\/li>\n<li>O bem segurado \u00e9 o fruto na planta.<\/li>\n<li><strong>A planta ou a florada n\u00e3o est\u00e3o cobertos.<\/strong><\/li>\n<\/ul>\n<p><strong>SEGURO SEM BUROCRACIA<\/strong>.<\/p>\n<ul>\n<li>Sua contrata\u00e7\u00e3o \u00e9 simples,\u00a0sem a necessidade de elabora\u00e7\u00e3o de projetos, c\u00f3pias de matr\u00edculas, contratos de arrendamentos, carta de anu\u00eancia.<\/li>\n<li>Pode ser feito tanto por quem financia ou por quem planta com recursos pr\u00f3prios, e est\u00e1 dispon\u00edvel em praticamente todo territ\u00f3rio nacional, respeitando as\u00a0normas\u00a0do zoneamento agr\u00edcola de cada regi\u00e3o.<\/li>\n<\/ul>\n<p><strong>COBERTURA B\u00c1SICA \/ PRINCIPAL (OBRIGATORIA):<\/strong><\/p>\n<ul>\n<li>Granizo<\/li>\n<\/ul>\n<p><strong>DEMAIS COBERTURAS DISPON\u00cdVEIS PARA CONTRATA\u00c7\u00c3O<\/strong><\/p>\n<ul>\n<li>A crit\u00e9rio da seguradora (se informar no momento da contrata\u00e7\u00e3o)<\/li>\n<\/ul>\n<p><strong>FRANQUIA:<\/strong><\/p>\n<ul>\n<li>\u00a0Definida pelo segurado respeitando a disponibilidade da seguradora (20%, 25%, 30%, 35% ou 40% \u2026)<\/li>\n<\/ul>\n<p><strong>CAR\u00caNCIA:<\/strong><\/p>\n<ul>\n<li>2 dias ap\u00f3s in\u00edcio da brota\u00e7\u00e3o.<\/li>\n<li>Pode variar conforme a seguradora escolhida (Se informar no momento da contrata\u00e7\u00e3o)<\/li>\n<\/ul>\n<p><strong>IMPORTANCIA SEGURADA R$ POR HECTARE (IS)<\/strong><\/p>\n<ul>\n<li>Pode variar dependendo da variedade cultivada e da seguradora escolhida (Se informar no momento da contrata\u00e7\u00e3o)<\/li>\n<\/ul>\n<p><strong>O per\u00edodo de contrata\u00e7\u00e3o e de endosso (Altera\u00e7\u00e3o no Limite M\u00e1ximo Garantido) das lavouras est\u00e1 sujeito a disponibilidade por parte da seguradora escolhida.<\/strong><\/p>\n<p><strong>RISCOS EXCLU\u00cdDOS\u00a0DAS INDENIZA\u00c7\u00d5ES:<\/strong><\/p>\n<ul>\n<li>Lavouras sinistradas no momento da contrata\u00e7\u00e3o ou em per\u00edodo de car\u00eancia.<\/li>\n<li>N\u00e3o \u00e9 permitido a contrata\u00e7\u00e3o de dois seguros na mesma \u00e1rea, sob pena de rateio.<\/li>\n<li>Condu\u00e7\u00e3o da lavoura fora das condi\u00e7\u00f5es agron\u00f4micas ideais<\/li>\n<li>Toda \u00e1rea do produtor na mesma propriedade dever\u00e1 ser contratada, sob pena de rateio.<\/li>\n<li>Quest\u00f5es relacionadas a pragas e doen\u00e7as.<\/li>\n<\/ul>\n<p><strong>CL\u00c1USULA BENEFICI\u00c1RIA:<\/strong><\/p>\n<ul>\n<li>No caso de revendas e cooperativas ou institui\u00e7\u00f5es bancarias que financiam o fornecimento de insumos aos produtores rurais, h\u00e1 a possibilidade de incluir cl\u00e1usula benefici\u00e1ria em seu favor na ap\u00f3lice.<\/li>\n<\/ul>\n<p><strong>SUBVEN\u00c7\u00c3O FEDERAL: (sujeito a disponibilidade de recurso do programa)<\/strong><\/p>\n<ul>\n<li>O governo federal paga parte do seguro para incentivar o agricultor a se proteger.<\/li>\n<li>Limite por CPF por ano\u00a0(se informar no momento da contrata\u00e7\u00e3o).<\/li>\n<li>O produtor n\u00e3o pode ter restri\u00e7\u00f5es no CADIN Federal.<\/li>\n<\/ul>\n<p><strong>\u00a0SUBVEN\u00c7\u00c3O ESTADUAL: (sujeito a disponibilidade de recurso do programa)<\/strong><\/p>\n<ul>\n<li>Os Estados (SP, PR) pagam parte do seguro para incentivar o agricultor a se proteger.<\/li>\n<li>Limite por CPF por ano\u00a0(se informar no momento da contrata\u00e7\u00e3o).<\/li>\n<li>O segurado n\u00e3o pode ter restri\u00e7\u00e3o no CADIN dos estados.<\/li>\n<\/ul>\n<p><strong>AN\u00c1LISE DO SINISTRO<\/strong><\/p>\n<p><strong>Exemplo de c\u00e1lculo de indeniza\u00e7\u00e3o:<\/strong><\/p>\n<ul>\n<li>Import\u00e2ncia segurada R$35.000,00\/ha<\/li>\n<li>Porcentagem de perda por granizo ap\u00f3s a realiza\u00e7\u00e3o da per\u00edcia 40%<\/li>\n<li>Franquia contratada 20%<\/li>\n<\/ul>\n<p>No exemplo acima est\u00e1 garantido R$ 35.000,00 por h\u00e1, houve uma perda de 40%, descontando 20% de franquia a indeniza\u00e7\u00e3o seria de 20%, portanto o produtor teria uma indeniza\u00e7\u00e3o de R$ 7.000,00 por ha.<\/p>\n<p>&nbsp;<\/p>\n","protected":false},"excerpt":{"rendered":"[maxbutton id=\"1\" url=\"http:\/\/site.ruralmaxseguros.com.br\/index.php\/orcamento\/\" ]\n","protected":false},"featured_media":8726,"comment_status":"open","ping_status":"closed","template":"","meta":[],"_links":{"self":[{"href":"https:\/\/www.ruralmaxseguros.com.br\/index.php\/wp-json\/wp\/v2\/product\/8840"}],"collection":[{"href":"https:\/\/www.ruralmaxseguros.com.br\/index.php\/wp-json\/wp\/v2\/product"}],"about":[{"href":"https:\/\/www.ruralmaxseguros.com.br\/index.php\/wp-json\/wp\/v2\/types\/product"}],"replies":[{"embeddable":true,"href":"https:\/\/www.ruralmaxseguros.com.br\/index.php\/wp-json\/wp\/v2\/comments?post=8840"}],"wp:featuredmedia":[{"embeddable":true,"href":"https:\/\/www.ruralmaxseguros.com.br\/index.php\/wp-json\/wp\/v2\/media\/8726"}],"wp:attachment":[{"href":"https:\/\/www.ruralmaxseguros.com.br\/index.php\/wp-json\/wp\/v2\/media?parent=8840"}],"curies":[{"name":"wp","href":"https:\/\/api.w.org\/{rel}","templated":true}]}}