{"id":8979,"date":"2019-09-05T14:29:39","date_gmt":"2019-09-05T14:29:39","guid":{"rendered":"http:\/\/site.ruralmaxseguros.com.br\/?page_id=8979"},"modified":"2019-10-21T17:20:28","modified_gmt":"2019-10-21T17:20:28","slug":"orcamento-de-maquina","status":"publish","type":"page","link":"https:\/\/www.ruralmaxseguros.com.br\/index.php\/orcamento-de-maquina\/","title":{"rendered":"Or\u00e7amento de M\u00e1quinas"},"content":{"rendered":"<p>[vc_row][vc_column width=&#8221;1\/2&#8243;][vc_empty_space][vc_custom_heading text=&#8221;Entre em contato com a RURALMAX&#8221; use_theme_fonts=&#8221;yes&#8221;][vc_column_text]Para contrata\u00e7\u00e3o preencha e envie o formul\u00e1rio abaixo de acordo com seu produto.[\/vc_column_text]\n<div id=\"divider-xfCDoOyn6s\" class=\"sh-divider sh-divider- sh-divider-content-none\">\n\t\t\t<div class=\"sh-divider-line\"><\/div>\n\t<\/div>\n            <style type=\"text\/css\">\n                #divider-xfCDoOyn6s {}#divider-xfCDoOyn6s.sh-divider-content-none .sh-divider-line {border-top-width: 1px;border-top-style: solid;}            <\/style>\n        [vc_empty_space height=&#8221;20px&#8221;][vc_custom_heading text=&#8221;Nossa Empresa&#8221; use_theme_fonts=&#8221;yes&#8221;][vc_column_text]<strong>Escrit\u00f3rio: <\/strong>Rua Carlos Bertinelli, 11 &#8211; Centro &#8211; Marialva\/Pr &#8211; CEP: 86990-000<\/p>\n<p><strong>Telefones:<\/strong>(44) 3232-4344 e (44) 9.9811-7875<\/p>\n<p><strong>E-mail:<\/strong> contato@ruralmaxseguros.com.br[\/vc_column_text]\n<div id=\"divider-9714BdUHqZ\" class=\"sh-divider sh-divider- sh-divider-content-none\">\n\t\t\t<div class=\"sh-divider-line\"><\/div>\n\t<\/div>\n            <style type=\"text\/css\">\n                #divider-9714BdUHqZ {}#divider-9714BdUHqZ.sh-divider-content-none .sh-divider-line {border-top-width: 1px;border-top-style: solid;}            <\/style>\n        [vc_empty_space height=&#8221;20px&#8221;][vc_custom_heading text=&#8221;Hor\u00e1rio de Atendimento&#8221; use_theme_fonts=&#8221;yes&#8221;][vc_column_text]Seg-Sex &#8211; 8h00 \u00e0s 18h<\/p>\n<p>[\/vc_column_text][\/vc_column][vc_column width=&#8221;1\/2&#8243;][vc_empty_space]\n<div id=\"text-block-dTGyH1Zs3I\" class=\"sh-text-block\">\n\t<iframe loading=\"lazy\" src=\"https:\/\/docs.google.com\/forms\/d\/e\/1FAIpQLSeruFEWu8f7XgljrBMEDKb4lH2xptjB6MVe2PKRSt0ZmPFe4Q\/viewform?embedded=true\" width=\"640\" height=\"1731\" frameborder=\"0\" marginwidth=\"0\" marginheight=\"0\">Carregando\u2026<\/iframe><\/div>\n            <style type=\"text\/css\">\n                #text-block-dTGyH1Zs3I {margin: 0px 0px 15px 0px;}#text-block-dTGyH1Zs3I .drop-cap {font-weight: bold;font-size: 50px;display: block;float: left;margin: 8px 10px 0 0;}            <\/style>\n        [\/vc_column][\/vc_row]<\/p>\n","protected":false},"excerpt":{"rendered":"<p>[vc_row][vc_column width=&#8221;1\/2&#8243;][vc_empty_space][vc_custom_heading text=&#8221;Entre em contato com a RURALMAX&#8221; use_theme_fonts=&#8221;yes&#8221;][vc_column_text]Para contrata\u00e7\u00e3o preencha e envie o formul\u00e1rio abaixo de acordo com seu produto.[\/vc_column_text] [vc_empty_space height=&#8221;20px&#8221;][vc_custom_heading text=&#8221;Nossa Empresa&#8221; use_theme_fonts=&#8221;yes&#8221;][vc_column_text]Escrit\u00f3rio: Rua Carlos Bertinelli, 11 &#8211; Centro &#8211; Marialva\/Pr &#8211; CEP: 86990-000 Telefones:(44) 3232-4344 e (44) 9.9811-7875 E-mail: contato@ruralmaxseguros.com.br[\/vc_column_text] [vc_empty_space&#8230;<\/p>\n","protected":false},"author":1,"featured_media":0,"parent":0,"menu_order":0,"comment_status":"closed","ping_status":"closed","template":"","meta":[],"_links":{"self":[{"href":"https:\/\/www.ruralmaxseguros.com.br\/index.php\/wp-json\/wp\/v2\/pages\/8979"}],"collection":[{"href":"https:\/\/www.ruralmaxseguros.com.br\/index.php\/wp-json\/wp\/v2\/pages"}],"about":[{"href":"https:\/\/www.ruralmaxseguros.com.br\/index.php\/wp-json\/wp\/v2\/types\/page"}],"author":[{"embeddable":true,"href":"https:\/\/www.ruralmaxseguros.com.br\/index.php\/wp-json\/wp\/v2\/users\/1"}],"replies":[{"embeddable":true,"href":"https:\/\/www.ruralmaxseguros.com.br\/index.php\/wp-json\/wp\/v2\/comments?post=8979"}],"version-history":[{"count":6,"href":"https:\/\/www.ruralmaxseguros.com.br\/index.php\/wp-json\/wp\/v2\/pages\/8979\/revisions"}],"predecessor-version":[{"id":9290,"href":"https:\/\/www.ruralmaxseguros.com.br\/index.php\/wp-json\/wp\/v2\/pages\/8979\/revisions\/9290"}],"wp:attachment":[{"href":"https:\/\/www.ruralmaxseguros.com.br\/index.php\/wp-json\/wp\/v2\/media?parent=8979"}],"curies":[{"name":"wp","href":"https:\/\/api.w.org\/{rel}","templated":true}]}}