{"id":8699,"date":"2019-04-16T17:20:45","date_gmt":"2019-04-16T17:20:45","guid":{"rendered":"http:\/\/site.ruralmaxseguros.com.br\/?page_id=8699"},"modified":"2019-10-21T17:13:04","modified_gmt":"2019-10-21T17:13:04","slug":"contato","status":"publish","type":"page","link":"https:\/\/www.ruralmaxseguros.com.br\/index.php\/contato\/","title":{"rendered":"Contato"},"content":{"rendered":"<p>[vc_row][vc_column width=&#8221;1\/2&#8243;][vc_empty_space][vc_custom_heading text=&#8221;Entre em contato com a RURALMAX&#8221; use_theme_fonts=&#8221;yes&#8221;][vc_column_text]Envie uma mensagem para nossa equipe pelo formul\u00e1rio ao lado que retornaremos para sanar quaisquer d\u00favidas sobre nossos servi\u00e7os.[\/vc_column_text]\n<div id=\"divider-isprlQ3SY5\" class=\"sh-divider sh-divider- sh-divider-content-none\">\n\t\t\t<div class=\"sh-divider-line\"><\/div>\n\t<\/div>\n            <style type=\"text\/css\">\n                #divider-isprlQ3SY5 {}#divider-isprlQ3SY5.sh-divider-content-none .sh-divider-line {border-top-width: 1px;border-top-style: solid;}            <\/style>\n        [vc_empty_space height=&#8221;20px&#8221;][vc_custom_heading text=&#8221;Nossa Empresa&#8221; use_theme_fonts=&#8221;yes&#8221;][vc_column_text]<strong>Escrit\u00f3rio: <\/strong>Rua Carlos Bertinelli, 11 &#8211; Centro &#8211; Marialva\/Pr &#8211; CEP: 86990-000<\/p>\n<p><strong>Telefones:<\/strong>(44) 3232-4344 e (44) 9.9811-7875<\/p>\n<p><strong>E-mail:<\/strong> contato@ruralmaxseguros.com.br[\/vc_column_text]\n<div id=\"divider-MhwZta7jxT\" class=\"sh-divider sh-divider- sh-divider-content-none\">\n\t\t\t<div class=\"sh-divider-line\"><\/div>\n\t<\/div>\n            <style type=\"text\/css\">\n                #divider-MhwZta7jxT {}#divider-MhwZta7jxT.sh-divider-content-none .sh-divider-line {border-top-width: 1px;border-top-style: solid;}            <\/style>\n        [vc_empty_space height=&#8221;20px&#8221;][vc_custom_heading text=&#8221;Hor\u00e1rio de Atendimento&#8221; use_theme_fonts=&#8221;yes&#8221;][vc_column_text]Seg-Sex &#8211; 8h00\u00a0 \u00e0s 18h<\/p>\n<p>[\/vc_column_text][\/vc_column][vc_column width=&#8221;1\/2&#8243;][vc_empty_space]<div role=\"form\" class=\"wpcf7\" id=\"wpcf7-f8701-o1\" lang=\"en-US\" dir=\"ltr\">\n<div class=\"screen-reader-response\"><\/div>\n<form action=\"\/index.php\/wp-json\/wp\/v2\/pages\/8699#wpcf7-f8701-o1\" method=\"post\" class=\"wpcf7-form\" novalidate=\"novalidate\">\n<div style=\"display: none;\">\n<input type=\"hidden\" name=\"_wpcf7\" value=\"8701\" \/>\n<input type=\"hidden\" name=\"_wpcf7_version\" value=\"5.1.1\" \/>\n<input type=\"hidden\" name=\"_wpcf7_locale\" value=\"en_US\" \/>\n<input type=\"hidden\" name=\"_wpcf7_unit_tag\" value=\"wpcf7-f8701-o1\" \/>\n<input type=\"hidden\" name=\"_wpcf7_container_post\" value=\"0\" \/>\n<input type=\"hidden\" name=\"g-recaptcha-response\" value=\"\" \/>\n<\/div>\n<p><label> Nome (obrigat\u00f3rio)<br \/>\n    <span class=\"wpcf7-form-control-wrap your-name\"><input type=\"text\" name=\"your-name\" value=\"\" size=\"40\" class=\"wpcf7-form-control wpcf7-text wpcf7-validates-as-required\" aria-required=\"true\" aria-invalid=\"false\" \/><\/span> <\/label><\/p>\n<p><label> E-mail (obrigat\u00f3rio)<br \/>\n    <span class=\"wpcf7-form-control-wrap your-email\"><input type=\"email\" name=\"your-email\" value=\"\" size=\"40\" class=\"wpcf7-form-control wpcf7-text wpcf7-email wpcf7-validates-as-required wpcf7-validates-as-email\" aria-required=\"true\" aria-invalid=\"false\" \/><\/span> <\/label><\/p>\n<p><label> Assunto<br \/>\n    <span class=\"wpcf7-form-control-wrap your-subject\"><input type=\"text\" name=\"your-subject\" value=\"\" size=\"40\" class=\"wpcf7-form-control wpcf7-text\" aria-invalid=\"false\" \/><\/span> <\/label><\/p>\n<p><label> Mensagem<br \/>\n    <span class=\"wpcf7-form-control-wrap your-message\"><textarea name=\"your-message\" cols=\"40\" rows=\"10\" class=\"wpcf7-form-control wpcf7-textarea\" aria-invalid=\"false\"><\/textarea><\/span> <\/label><\/p>\n<p><input type=\"submit\" value=\"Enviar\" class=\"wpcf7-form-control wpcf7-submit\" \/><\/p>\n<div class=\"wpcf7-response-output wpcf7-display-none\"><\/div><\/form><\/div>[\/vc_column][\/vc_row][vc_row][vc_column][vc_gmaps link=&#8221;#E-8_JTNDaWZyYW1lJTIwc3JjJTNEJTIyaHR0cHMlM0ElMkYlMkZ3d3cuZ29vZ2xlLmNvbSUyRm1hcHMlMkZlbWJlZCUzRnBiJTNEJTIxMW0xNCUyMTFtOCUyMTFtMyUyMTFkMTQ2MzYuODYyMzU2MDIyNDI0JTIxMmQtNTEuNzk1NTQ3NSUyMTNkLTIzLjQ4ODc0MyUyMTNtMiUyMTFpMTAyNCUyMTJpNzY4JTIxNGYxMy4xJTIxM20zJTIxMW0yJTIxMXMweDAlMjUzQTB4Zjk0MGFiMGVlNTM1NjgyNiUyMTJzUnVyYWxtYXglMjUyMFNlZ3Vyb3MlMjE1ZTAlMjEzbTIlMjExc3B0LUJSJTIxMnNiciUyMTR2MTU3MTY3Nzk2MTMzMCUyMTVtMiUyMTFzcHQtQlIlMjEyc2JyJTIyJTIwd2lkdGglM0QlMjI2MDAlMjIlMjBoZWlnaHQlM0QlMjI0NTAlMjIlMjBmcmFtZWJvcmRlciUzRCUyMjAlMjIlMjBzdHlsZSUzRCUyMmJvcmRlciUzQTAlM0IlMjIlMjBhbGxvd2Z1bGxzY3JlZW4lM0QlMjIlMjIlM0UlM0MlMkZpZnJhbWUlM0U=&#8221;][\/vc_column][\/vc_row]<\/p>\n","protected":false},"excerpt":{"rendered":"<p>[vc_row][vc_column width=&#8221;1\/2&#8243;][vc_empty_space][vc_custom_heading text=&#8221;Entre em contato com a RURALMAX&#8221; use_theme_fonts=&#8221;yes&#8221;][vc_column_text]Envie uma mensagem para nossa equipe pelo formul\u00e1rio ao lado que retornaremos para sanar quaisquer d\u00favidas sobre nossos servi\u00e7os.[\/vc_column_text] [vc_empty_space height=&#8221;20px&#8221;][vc_custom_heading text=&#8221;Nossa Empresa&#8221; use_theme_fonts=&#8221;yes&#8221;][vc_column_text]Escrit\u00f3rio: Rua Carlos Bertinelli, 11 &#8211; Centro &#8211; Marialva\/Pr &#8211; CEP: 86990-000 Telefones:(44) 3232-4344&#8230;<\/p>\n","protected":false},"author":1,"featured_media":0,"parent":0,"menu_order":0,"comment_status":"closed","ping_status":"closed","template":"","meta":[],"_links":{"self":[{"href":"https:\/\/www.ruralmaxseguros.com.br\/index.php\/wp-json\/wp\/v2\/pages\/8699"}],"collection":[{"href":"https:\/\/www.ruralmaxseguros.com.br\/index.php\/wp-json\/wp\/v2\/pages"}],"about":[{"href":"https:\/\/www.ruralmaxseguros.com.br\/index.php\/wp-json\/wp\/v2\/types\/page"}],"author":[{"embeddable":true,"href":"https:\/\/www.ruralmaxseguros.com.br\/index.php\/wp-json\/wp\/v2\/users\/1"}],"replies":[{"embeddable":true,"href":"https:\/\/www.ruralmaxseguros.com.br\/index.php\/wp-json\/wp\/v2\/comments?post=8699"}],"version-history":[{"count":22,"href":"https:\/\/www.ruralmaxseguros.com.br\/index.php\/wp-json\/wp\/v2\/pages\/8699\/revisions"}],"predecessor-version":[{"id":9286,"href":"https:\/\/www.ruralmaxseguros.com.br\/index.php\/wp-json\/wp\/v2\/pages\/8699\/revisions\/9286"}],"wp:attachment":[{"href":"https:\/\/www.ruralmaxseguros.com.br\/index.php\/wp-json\/wp\/v2\/media?parent=8699"}],"curies":[{"name":"wp","href":"https:\/\/api.w.org\/{rel}","templated":true}]}}